{"id":4607,"date":"2024-03-10T15:14:41","date_gmt":"2024-03-10T15:14:41","guid":{"rendered":"https:\/\/alicante.globalcruiseports.com\/parking\/"},"modified":"2026-04-06T14:11:05","modified_gmt":"2026-04-06T14:11:05","slug":"aparcamiento","status":"publish","type":"page","link":"https:\/\/alicantecruiseport.es\/es\/aparcamiento\/","title":{"rendered":"Aparcamiento"},"content":{"rendered":"\r\n<section class=\"section page page-bg-light  \">\r\n\t<style>\r\n                .page-header-bg {\r\n                    background-image: url(https:\/\/alicantecruiseport.es\/wp-content\/uploads\/sites\/62\/2025\/05\/DJI_0351-1-scaled.jpg);\r\n                    background-size: cover;\r\n                    background-position: center;\r\n                }\r\n\t\t\t\t.hero-content{\r\n\t\t\t\t    top: 50%;\r\n    \t\t\t\tposition: absolute;\r\n    \t\t\t\ttransform: translateY(-50%);\r\n\t\t\t\t}\r\n              <\/style><div class=\"page-header-bg pr\">\t<div class=\"container w100\">\r\n\t\t<div class=\"row flex hero-content\">\r\n\t\t\t<div class=\"cl-12 page-header\">\r\n\t\t\t\t<h5>Aparcamiento<\/h5>\r\n\t\t\t\t<h1>Aparcamiento<\/h1>\r\n\t\t\t<\/div>\r\n\t\t<\/div>\r\n\t<\/div>\r\n\t<\/div>\r\n<\/section>\r\n\r\n<section class=\"section mb-4\">\r\n\t<div class=\"schedule-container\">\r\n\t\t<div class=\"container\">\r\n\t\t\t<div class=\"row flex align-i-center justify-c-center\">\r\n\t\t\t\t<div class=\"cl-12\">\r\n\t\t\t\t\t<div class=\"\">\r\n\t\t\t\t\t\t<div class=\"row flex page-sub-menu\">\r\n\t\t\t\t\t\t\t<div class=\"cl-12\">\r\n\t\t\t\t\t\t\t\t<nav class=\"menu-class\"><ul id=\"menu-transportation-parking-spanish\" class=\"menu flex align-i-center justify-c-center\"><li id=\"menu-item-5069\" class=\"menu-item menu-item-type-post_type menu-item-object-page menu-item-5069\"><a href=\"https:\/\/alicantecruiseport.es\/es\/transporte\/\">Transporte<\/a><\/li>\n<li id=\"menu-item-5070\" class=\"menu-item menu-item-type-post_type menu-item-object-page menu-item-5070\"><a href=\"https:\/\/alicantecruiseport.es\/es\/aparcamiento\/\">Aparcamiento<\/a><\/li>\n<\/ul><\/nav>\t\t\t\t\t\t\t<\/div>\r\n\t\t\t\t\t\t<\/div>\r\n\t\t\t\t\t\t<div class=\"row flex align-i-center\">\r\n\t\t\t\t\t\t\t<div class=\"cl-5\">\r\n\t\t\t\t\t\t\t\t<h2>\r\n\t\t\t\t\t\t\t\t\tPlanifique con anticipaci\u00f3n\t\t\t\t\t\t\t\t\t<br>\r\n\t\t\t\t\t\t\t\t\t<span class=\"primary-color\">Reserva tu parking<\/span>\r\n\t\t\t\t\t\t\t\t<\/h2>\r\n\t\t\t\t\t\t\t<\/div>\r\n\t\t\t\t\t\t\t<div class=\"cl-7\">\r\n\t\t\t\t\t\t\t\t<p class=\"grey-color\">\u00a1Llegar a Alicante y salir de la ciudad es muy f\u00e1cil! Ya sea en coche, transporte p\u00fablico u otro medio, encontrar\u00e1s opciones de viaje c\u00f3modas y abundante aparcamiento para garantizar un trayecto sin complicaciones.<\/p>\r\n\t\t\t\t\t\t\t<\/div>\r\n\t\t\t\t\t\t<\/div>\r\n\t\t\t\t\t\t<div class=\"row flex parking-booking-wrapper align-i-center\">\r\n\t\t\t\t\t\t\t<div class=\"cl-4\">\r\n\t\t\t\t\t\t\t\t<h3>Aparcamiento en el Puerto de Cruceros de Alicante<\/h3>\r\n\t\t\t\t\t\t\t\t<p><p>Aunque el estacionamiento directamente dentro del \u00e1rea de la terminal de Alicante Cruise Port es limitado, existen varias opciones de aparcamiento convenientes en las inmediaciones para los visitantes. Los autobuses de excursiones en tierra y los operadores tur\u00edsticos suelen recoger a los pasajeros directamente en la terminal de cruceros, lo que garantiza un transporte c\u00f3modo y accesible.<\/p>\n<p>&nbsp;<\/p>\n<p><strong>Opciones de Aparcamiento Cercanas:<\/strong><\/p>\n<p>&nbsp;<\/p>\n<p><strong>Parking Puerto de Alicante (Aparcamiento del Puerto)<\/strong><br \/>\nMuelle 12, Puerto de Alicante, 03001 Alicante, Espa\u00f1a<\/p>\n<p>&nbsp;<\/p>\n<p><strong>Aparcamiento Paseo Volvo Ocean Race<\/strong><br \/>\nMuelle 10, Puerto de Alicante, una opci\u00f3n conveniente a poca distancia a pie de la terminal de cruceros.<\/p>\n<p>&nbsp;<\/p>\n<p><strong>Parking Panoramis<\/strong><br \/>\nMuelle 12, Puerto de Alicante, situado cerca del puerto y del centro de la ciudad, ideal tanto para estancias cortas como largas.<\/p>\n<\/p>\r\n\t\t\t\t\t\t\t\t\r\n\t\t\t\t\t\t\t<\/div>\r\n\t\t\t\t\t\t\t<div class=\"cl-7 offset-1\">\r\n\t\t\t\t\t\t\t\t<img decoding=\"async\" src=\"https:\/\/alicantecruiseport.es\/wp-content\/uploads\/sites\/62\/2025\/03\/parking-scaled.jpg\" class=\"w100\" alt=\"\" \/>\r\n\t\t\t\t\t\t\t<\/div>\r\n\t\t\t\t\t\t<\/div>\r\n\t\t\t\t\t<\/div>\r\n\t\t\t\t<\/div>\r\n\t\t\t<\/div>\r\n\t\t<\/div>\r\n\t<\/div>\r\n<\/section>\r\n\r\n\r\n\n\n\r\n<style>\r\n\t.section-social-responsibilities .page-header-bg {\r\n\t\tbackground-image: url('https:\/\/alicantecruiseport.es\/wp-content\/uploads\/sites\/62\/2024\/04\/parking-prices-bg.jpg');\r\n\t}\r\n<\/style>\r\n\r\n\n\n\n\n","protected":false},"excerpt":{"rendered":"","protected":false},"author":1,"featured_media":0,"parent":0,"menu_order":50,"comment_status":"closed","ping_status":"closed","template":"","meta":{"_acf_changed":false,"footnotes":""},"class_list":["post-4607","page","type-page","status-publish","hentry"],"acf":[],"_links":{"self":[{"href":"https:\/\/alicantecruiseport.es\/es\/wp-json\/wp\/v2\/pages\/4607","targetHints":{"allow":["GET"]}}],"collection":[{"href":"https:\/\/alicantecruiseport.es\/es\/wp-json\/wp\/v2\/pages"}],"about":[{"href":"https:\/\/alicantecruiseport.es\/es\/wp-json\/wp\/v2\/types\/page"}],"author":[{"embeddable":true,"href":"https:\/\/alicantecruiseport.es\/es\/wp-json\/wp\/v2\/users\/1"}],"replies":[{"embeddable":true,"href":"https:\/\/alicantecruiseport.es\/es\/wp-json\/wp\/v2\/comments?post=4607"}],"version-history":[{"count":7,"href":"https:\/\/alicantecruiseport.es\/es\/wp-json\/wp\/v2\/pages\/4607\/revisions"}],"predecessor-version":[{"id":5910,"href":"https:\/\/alicantecruiseport.es\/es\/wp-json\/wp\/v2\/pages\/4607\/revisions\/5910"}],"wp:attachment":[{"href":"https:\/\/alicantecruiseport.es\/es\/wp-json\/wp\/v2\/media?parent=4607"}],"curies":[{"name":"wp","href":"https:\/\/api.w.org\/{rel}","templated":true}]}}