{"id":4719,"date":"2025-03-13T12:47:20","date_gmt":"2025-03-13T12:47:20","guid":{"rendered":"https:\/\/alicante.globalcruiseports.com\/social-responsibility\/"},"modified":"2026-02-27T14:13:13","modified_gmt":"2026-02-27T14:13:13","slug":"responsabilidad-social","status":"publish","type":"page","link":"https:\/\/alicantecruiseport.es\/es\/responsabilidad-social\/","title":{"rendered":"Responsabilidad social"},"content":{"rendered":"\r\n\r\n<section\r\n    class=\"section page page-sustainability page-bg-light \">\r\n    <style>\r\n                .page-header-bg {\r\n                    background-image: url(https:\/\/alicantecruiseport.es\/wp-content\/uploads\/sites\/62\/2025\/05\/social-scaled.jpeg);\r\n                    background-size: cover;\r\n                    background-position: center;\r\n                }\r\n\t\t\t\t.hero-content{\r\n\t\t\t\t    top: 50%;\r\n    \t\t\t\tposition: absolute;\r\n    \t\t\t\ttransform: translateY(-50%);\r\n\t\t\t\t}\r\n              <\/style><div class=\"page-header-bg pr\">    <div class=\"container w100\">\r\n        <div class=\"row flex hero-content\">\r\n            <div class=\"cl-12 page-header\">\r\n                <h5>Responsabilidad social<\/h5>\r\n                <h1>Responsabilidad social<\/h1>\r\n                <p>Descubra c\u00f3mo nuestras iniciativas de participaci\u00f3n comunitaria impulsan el crecimiento sostenible y generan un impacto duradero.<\/p>\n                \r\n\r\n                <style>\r\n                    a.cta {\r\n                        border-radius: 2rem;\r\n                        display: flex;\r\n                        align-items: center;\r\n                        width: fit-content;\r\n                        padding: 0.8rem 2.8rem 0.96rem 2.8rem;\r\n                        margin-top: 2rem;\r\n                        color: #fff;\r\n                    }\r\n\r\n                    .hero-content .page-header {\r\n                        display: flex;\r\n                        flex-direction: column;\r\n                        row-gap: 12px;\r\n                    }\r\n\r\n                    .page-header h5{\r\n                        margin-bottom: 0;\r\n                    }\r\n\r\n                    h5 {\r\n                        text-transform: uppercase;\r\n                    }\r\n\r\n                    .page-header p {\r\n                        max-width: 500px;\r\n                        color: #fff;\r\n                    }\r\n\r\n                    .cta:hover {\r\n                        padding-right: 2.8rem !important;\r\n                    }\r\n                <\/style>\r\n            <\/div>\r\n        <\/div>\r\n    <\/div>\r\n    <\/div>\r\n<\/section>\n\n<section class=\"section section-content-title \" id=\"\">\r\n\t<div class=\"container\">\r\n\t\t<div class=\"row flex align-i-center\">\r\n\t\t\t<div class=\"cl-5\">\r\n\t\t\t\t\t\t\t\t<h2>\r\n\t\t\t\t\tTurismo de Cruceros \t\t\t\t\t<br>\r\n\t\t\t\t\t<span class=\"primary-color\">Para un Futuro Mejor<\/span>\r\n\t\t\t\t<\/h2>\r\n\t\t\t<\/div>\r\n\t\t\t<div class=\"cl-7\">\r\n\t\t\t\t<p class=\"grey-color\"><p>En Alicante, estamos comprometidos con el fortalecimiento de las comunidades, la promoci\u00f3n del turismo sostenible y el fomento del crecimiento responsable. Nuestro objetivo es crear un destino en el que tanto los visitantes como los lugare\u00f1os prosperen, con el apoyo del empoderamiento econ\u00f3mico, las iniciativas culturales y la gesti\u00f3n medioambiental.<\/p>\n<\/p>\r\n\t\t\t<\/div>\r\n\t\t<\/div>\r\n\t<\/div>\r\n<\/section>\r\n\n\n<section class=\"section section-content-image \" id=\"\">\r\n\t<div class=\"container\">\r\n\t\t<div class=\"row flex align-i-center  flex-row-reverse \">\r\n\t\t\t<div class=\"cl-6\">\r\n\t\t\t\t<img decoding=\"async\" src=\"https:\/\/alicantecruiseport.es\/wp-content\/uploads\/sites\/62\/2025\/04\/shutterstock_2489916669-scaled.jpg\" class=\"w100\" alt=\"\" \/>\r\n\t\t\t<\/div>\r\n\t\t\t<div class=\"cl-1\">\r\n\t\t\t\t\r\n\t\t\t<\/div>\r\n\t\t\t<div class=\"cl-5\">\r\n\t\t\t\t<h3><\/h3>\r\n\t\t\t\t<p>A trav\u00e9s de asociaciones con empresas locales, programas educativos e iniciativas de preservaci\u00f3n del patrimonio, nos aseguramos de que los beneficios del turismo de cruceros se extiendan m\u00e1s all\u00e1 del presente, dejando un legado positivo para las generaciones futuras.<\/p>\n<div>&nbsp;<\/div>\n<p>Creemos en el poder de la colaboraci\u00f3n y las pr\u00e1cticas comerciales \u00e9ticas para impulsar un cambio significativo. Junto con nuestros socios, estamos dando forma a un futuro en el que el turismo de cruceros enriquece vidas, apoya a las comunidades y protege nuestro medio ambiente.<\/p>\n\t\t\t\t\t\t\t<\/div>\r\n\t\t<\/div>\r\n\t<\/div>\r\n<\/section>\r\n\n\n\r\n<style>\r\n    .section-social-responsibilities .page-header-bg {\r\n        background-image: url(https:\/\/alicantecruiseport.es\/wp-content\/uploads\/sites\/62\/2024\/03\/social-responsibilities.jpg);\r\n    }\r\n    .section-social-responsibilities-tab-item ul{\r\n        list-style: disc;\r\n    }\r\n\r\n    .section-social-responsibilities-tab-item ul li{\r\n        margin-left: 2rem;\r\n    }\r\n<\/style>\r\n\r\n\r\n<section\r\n    class=\"section section-social-responsibilities page page-bg-light \"\r\n    id=\"section-social-responsibilities\">\r\n    <div class=\"page-header-bg flex align-i-start justify-c-start\">\r\n        <div class=\"container w100\">\r\n            <div class=\"row flex\">\r\n                <div class=\"cl-12 page-header\">\r\n                    <h3>Responsabilidad social<\/h3>\r\n                    <h1>Comprometidos con nuestra comunidad<\/h1>\r\n                    <p>Estamos comprometidos con el desarrollo de las comunidades, la integridad en nuestra forma de hacer negocios y la construcci\u00f3n de un futuro mejor para todos.\r\nA trav\u00e9s de proyectos significativos, colaboramos con pasajeros, socios portuarios y actores clave para generar un impacto duradero.<\/p>\r\n                <\/div>\r\n            <\/div>\r\n        <\/div>\r\n    <\/div>\r\n    <div class=\"page-content-wrapper\">\r\n        <div class=\"container\">\r\n            <div class=\"row flex align-i-center justify-c-center\">\r\n                <div class=\"cl-10\">\r\n                    <div class=\"page-bg-white\">\r\n                        <div class=\"section-social-responsibilities-items accordion accordion-ii\">\r\n                                                                <div\r\n                                        class=\"accordion-header accordion-header-sm black-arrow active first-item\">\r\n                                        <div class=\"row flex\">\r\n                                            <div class=\"cl-12\">\r\n                                                Proyecto de paneles solares                                            <\/div>\r\n                                        <\/div>\r\n                                    <\/div>\r\n                                    <div\r\n                                        class=\"desktop-accordion-content mobile-accordion-content accordion-content active\">\r\n                                        <div class=\"row flex\">\r\n                                            <div class=\"cl-12 accordion-content-light\">\r\n                                                <div class=\"section-social-responsibilities-tab-item\">\r\n                                                    <div class=\"row flex\">\r\n                                                        <div class=\"cl-7\">\r\n                                                            \n<p>Como parte de su compromiso continuo con la sostenibilidad, Alicante Cruise Port ha incorporado paneles solares en la cubierta de la terminal de cruceros, convirtiendo el edificio en una fuente activa de energ\u00eda limpia. Esta iniciativa contribuye a la reducci\u00f3n de la huella de carbono del puerto mediante la generaci\u00f3n de electricidad renovable para las operaciones de la terminal, disminuyendo la dependencia de fuentes energ\u00e9ticas convencionales y mejorando la eficiencia energ\u00e9tica a largo plazo. El proyecto de paneles solares refleja la estrategia global de sostenibilidad de Alicante Cruise Port, alineando la responsabilidad medioambiental con una infraestructura portuaria moderna y consolidando su posicionamiento como un destino de cruceros innovador en el Mediterr\u00e1neo.<\/p>\n\n\n\n<p><\/p>\n                                                        <\/div>\r\n                                                        <div class=\"cl-5\">\r\n                                                            <img decoding=\"async\"\r\n                                                                src=\"https:\/\/alicantecruiseport.es\/wp-content\/uploads\/sites\/62\/2026\/04\/AlicanteSolar.jpg\" \/>\r\n                                                        <\/div>\r\n                                                    <\/div>\r\n                                                <\/div>\r\n                                            <\/div>\r\n                                        <\/div>\r\n                                    <\/div>\r\n                                                            <\/div>\r\n                    <\/div>\r\n                <\/div>\r\n            <\/div>\r\n        <\/div>\r\n    <\/div>\r\n<\/section>","protected":false},"excerpt":{"rendered":"","protected":false},"author":2,"featured_media":0,"parent":0,"menu_order":65,"comment_status":"closed","ping_status":"closed","template":"","meta":{"_acf_changed":false,"footnotes":""},"class_list":["post-4719","page","type-page","status-publish","hentry"],"acf":[],"_links":{"self":[{"href":"https:\/\/alicantecruiseport.es\/es\/wp-json\/wp\/v2\/pages\/4719","targetHints":{"allow":["GET"]}}],"collection":[{"href":"https:\/\/alicantecruiseport.es\/es\/wp-json\/wp\/v2\/pages"}],"about":[{"href":"https:\/\/alicantecruiseport.es\/es\/wp-json\/wp\/v2\/types\/page"}],"author":[{"embeddable":true,"href":"https:\/\/alicantecruiseport.es\/es\/wp-json\/wp\/v2\/users\/2"}],"replies":[{"embeddable":true,"href":"https:\/\/alicantecruiseport.es\/es\/wp-json\/wp\/v2\/comments?post=4719"}],"version-history":[{"count":2,"href":"https:\/\/alicantecruiseport.es\/es\/wp-json\/wp\/v2\/pages\/4719\/revisions"}],"predecessor-version":[{"id":5401,"href":"https:\/\/alicantecruiseport.es\/es\/wp-json\/wp\/v2\/pages\/4719\/revisions\/5401"}],"wp:attachment":[{"href":"https:\/\/alicantecruiseport.es\/es\/wp-json\/wp\/v2\/media?parent=4719"}],"curies":[{"name":"wp","href":"https:\/\/api.w.org\/{rel}","templated":true}]}}