{"id":5360,"date":"2025-04-07T11:54:02","date_gmt":"2025-04-07T11:54:02","guid":{"rendered":"https:\/\/alicante.globalcruiseports.com\/?page_id=5360"},"modified":"2026-04-03T09:41:50","modified_gmt":"2026-04-03T09:41:50","slug":"hse","status":"publish","type":"page","link":"https:\/\/alicantecruiseport.es\/es\/hse\/","title":{"rendered":"SSMA"},"content":{"rendered":"\r\n<style>\r\n.page-content-wrapper{\r\n\t\tz-index: 2;\t\r\n\t}\r\n<\/style>\r\n\r\n<section class=\"section page page-sustainability footer-space-pd page-bg-light  desktop-footer-space-pd hse-menu\">\r\n\t<style>\r\n                .page-header-bg {\r\n                    background-image: url(https:\/\/alicantecruiseport.es\/wp-content\/uploads\/sites\/62\/2025\/04\/hse1.png);\r\n                    background-size: cover;\r\n                    background-position: center;\r\n                }\r\n\t\t\t\t.hero-content{\r\n\t\t\t\t    top: 50%;\r\n    \t\t\t\tposition: absolute;\r\n    \t\t\t\ttransform: translateY(-50%);\r\n\t\t\t\t}\r\n              <\/style><div class=\"page-header-bg pr\">\t<div class=\"container w100\">\r\n\t\t<div class=\"row flex hero-content\">\r\n\t\t\t<div class=\"cl-12 page-header\">\r\n\t\t\t\t<h5 style=\"text-transform:uppercase;\">Salud, Seguridad y Medio Ambiente<\/h5>\r\n\t\t\t\t<h1>Salud, Seguridad y Medio Ambiente<\/h1>\r\n\t\t\t<\/div>\r\n\t\t<\/div>\r\n\t<\/div>\r\n\t<\/div>\r\n\t<div class=\"page-content-wrapper pr\">\r\n\t\t<div class=\"container\">\r\n\t\t\t<div class=\"row flex align-i-center justify-c-center\">\r\n\t\t\t\t<div class=\"cl-10\">\r\n\t\t\t\t\t<div class=\"page-bg-white\">\r\n\t\t\t\t\t\t<div class=\"row flex page-sub-menu\">\r\n\t\t\t\t\t\t\t<div class=\"cl-12\">\r\n\t\t\t\t\t\t\t\t<ul class=\"flex align-i-center justify-c-center\">\r\n\t\t\t\t\t\t\t\t\t\t\t\t\t\t\t\t\t\t\t<li id=\"tabButton1\"\r\n\t\t\t\t\t\t\t\t\t\t\tclass=\"tab-button current-menu-item\">\r\n\t\t\t\t\t\t\t\t\t\t\t<span\r\n\t\t\t\t\t\t\t\t\t\t\t\tonclick=\"showTab('tab1', 'tabButton1')\">Salud, Seguridad y Medio Ambiente<\/span>\r\n\t\t\t\t\t\t\t\t\t\t<\/li>\r\n\t\t\t\t\t\t\t\t\t\t\t\t\t\t\t\t\t<\/ul>\r\n\t\t\t\t\t\t\t<\/div>\r\n\t\t\t\t\t\t<\/div>\r\n\t\t\t\t\t\t<div class=\"row flex\">\r\n\t\t\t\t\t\t\t<div class=\"cl-12\">\r\n\t\t\t\t\t\t\t\t\t\t\t\t\t\t\t\t\t<div id=\"tab1\"\r\n\t\t\t\t\t\t\t\t\t\tclass=\"tab-2-content active-tab\">\r\n\t\t\t\t\t\t\t\t\t\t<p>Nuestras pr\u00e1cticas integrales en materia de Salud, Seguridad y Medio Ambiente (HSE, por sus siglas en ingl\u00e9s) se centran en crear un entorno de trabajo seguro y sostenible, minimizar los riesgos y proteger los recursos naturales. A trav\u00e9s de la formaci\u00f3n continua, la gesti\u00f3n proactiva de riesgos y el estricto cumplimiento de la normativa ambiental, buscamos prevenir accidentes, reducir nuestra huella ambiental y promover la salud y seguridad de toda nuestra comunidad. Al priorizar la HSE en cada decisi\u00f3n que tomamos, no solo protegemos a las personas y al planeta a los que servimos, sino que tambi\u00e9n impulsamos un cambio positivo y duradero en nuestra industria y m\u00e1s all\u00e1.<\/p>\n<p>Mediante la implementaci\u00f3n de las mejores pr\u00e1cticas del sector y el cumplimiento de los m\u00e1s altos est\u00e1ndares internacionales, trabajamos para minimizar los riesgos, reducir el impacto ambiental y fomentar una cultura de seguridad, protegiendo tanto a las personas como al planeta, mientras construimos un futuro m\u00e1s sostenible y seguro para el sector.<\/p>\n\t\t\t\t\t\t\t\t\t\t\t\t\t\t\t\t\t\t\t\t\t<div class=\"tab-documents\">\r\n\t\t\t\t\t\t\t\t\t\t\t\t\t\t\t\t\t\t\t\t\t\t\t\t\t\t\t\t\t\t\t\t\t\t\t\t\t\t\t<div class=\"tab-document-item flex\">\r\n\t\t\t\t\t\t\t\t\t\t\t\t\t\t\t<div class=\"doc-icon\">\r\n\t\t\t\t\t\t\t\t\t\t\t\t\t\t\t\t<img decoding=\"async\" src=\"https:\/\/alicantecruiseport.es\/wp-content\/uploads\/sites\/62\/2026\/02\/pdf-icon-1.svg\" alt=\"Document\" \/>\r\n\t\t\t\t\t\t\t\t\t\t\t\t\t\t\t<\/div>\r\n\t\t\t\t\t\t\t\t\t\t\t\t\t\t\t<div class=\"doc-title\">\r\n\t\t\t\t\t\t\t\t\t\t\t\t\t\t\t\tEvRiesPu_800420_20241021_0913_GLOBAL PORTS ALICANTE S.L._Muelle Levante 14 Alicante (Alacant) 3001\t\t\t\t\t\t\t\t\t\t\t\t\t\t\t<\/div>\r\n\t\t\t\t\t\t\t\t\t\t\t\t\t\t\t<div class=\"doc-get\">\r\n\t\t\t\t\t\t\t\t\t\t\t\t\t\t\t\t<a href=\"https:\/\/alicantecruiseport.es\/wp-content\/uploads\/sites\/62\/2026\/03\/EvRiesPu_800420_20241021_0913_GLOBAL-PORTS-ALICANTE-S.L._Muelle-Levante-14-Alicante-Alacant-3001.pdf\" target=\"_blank\"\r\n\t\t\t\t\t\t\t\t\t\t\t\t\t\t\t\t\tclass=\"primary-color\">\r\n\t\t\t\t\t\t\t\t\t\t\t\t\t\t\t\t\tDESCARGAR\t\t\t\t\t\t\t\t\t\t\t\t\t\t\t\t\t<svg xmlns=\"http:\/\/www.w3.org\/2000\/svg\" width=\"18.142\"\r\n\t\t\t\t\t\t\t\t\t\t\t\t\t\t\t\t\t\theight=\"18.142\" viewBox=\"0 0 18.142 18.142\"\r\n\t\t\t\t\t\t\t\t\t\t\t\t\t\t\t\t\t\tclass=\"primary-stroke\">\r\n\t\t\t\t\t\t\t\t\t\t\t\t\t\t\t\t\t\t<g id=\"Icon_feather-arrow-up-right\"\r\n\t\t\t\t\t\t\t\t\t\t\t\t\t\t\t\t\t\t\tdata-name=\"Icon feather-arrow-up-right\"\r\n\t\t\t\t\t\t\t\t\t\t\t\t\t\t\t\t\t\t\ttransform=\"translate(30.991 9.071) rotate(135)\">\r\n\t\t\t\t\t\t\t\t\t\t\t\t\t\t\t\t\t\t\t<path id=\"Path_3\" data-name=\"Path 3\" d=\"M10.5,20.5l10-10\"\r\n\t\t\t\t\t\t\t\t\t\t\t\t\t\t\t\t\t\t\t\tfill=\"none\" stroke-linecap=\"round\"\r\n\t\t\t\t\t\t\t\t\t\t\t\t\t\t\t\t\t\t\t\tstroke-linejoin=\"round\" stroke-width=\"2\" \/>\r\n\t\t\t\t\t\t\t\t\t\t\t\t\t\t\t\t\t\t\t<path id=\"Path_4\" data-name=\"Path 4\" d=\"M10.5,10.5h10v10\"\r\n\t\t\t\t\t\t\t\t\t\t\t\t\t\t\t\t\t\t\t\tfill=\"none\" stroke-linecap=\"round\"\r\n\t\t\t\t\t\t\t\t\t\t\t\t\t\t\t\t\t\t\t\tstroke-linejoin=\"round\" stroke-width=\"2\" \/>\r\n\t\t\t\t\t\t\t\t\t\t\t\t\t\t\t\t\t\t<\/g>\r\n\t\t\t\t\t\t\t\t\t\t\t\t\t\t\t\t\t<\/svg>\r\n\t\t\t\t\t\t\t\t\t\t\t\t\t\t\t\t<\/a>\r\n\t\t\t\t\t\t\t\t\t\t\t\t\t\t\t<\/div>\r\n\t\t\t\t\t\t\t\t\t\t\t\t\t\t<\/div>\r\n\t\t\t\t\t\t\t\t\t\t\t\t\t\t\t\t\t\t\t\t\t\t\t\t\t\t\t\t\t\t\t\t\t\t\t\t\t\t\t\t\t\t\t\t\t\t\t\t\t\t\t\t<div class=\"tab-document-item flex\">\r\n\t\t\t\t\t\t\t\t\t\t\t\t\t\t\t<div class=\"doc-icon\">\r\n\t\t\t\t\t\t\t\t\t\t\t\t\t\t\t\t<img decoding=\"async\" src=\"https:\/\/alicantecruiseport.es\/wp-content\/uploads\/sites\/62\/2026\/02\/pdf-icon-1.svg\" alt=\"Document\" \/>\r\n\t\t\t\t\t\t\t\t\t\t\t\t\t\t\t<\/div>\r\n\t\t\t\t\t\t\t\t\t\t\t\t\t\t\t<div class=\"doc-title\">\r\n\t\t\t\t\t\t\t\t\t\t\t\t\t\t\t\tPlan Autoprotecci\u00f3n &#8211; TERMINAL ALICANTE\t\t\t\t\t\t\t\t\t\t\t\t\t\t\t<\/div>\r\n\t\t\t\t\t\t\t\t\t\t\t\t\t\t\t<div class=\"doc-get\">\r\n\t\t\t\t\t\t\t\t\t\t\t\t\t\t\t\t<a href=\"https:\/\/alicantecruiseport.es\/wp-content\/uploads\/sites\/62\/2026\/03\/Plan-Autoproteccion-TERMINAL-ALICANTE.pdf\" target=\"_blank\"\r\n\t\t\t\t\t\t\t\t\t\t\t\t\t\t\t\t\tclass=\"primary-color\">\r\n\t\t\t\t\t\t\t\t\t\t\t\t\t\t\t\t\tDESCARGAR\t\t\t\t\t\t\t\t\t\t\t\t\t\t\t\t\t<svg xmlns=\"http:\/\/www.w3.org\/2000\/svg\" width=\"18.142\"\r\n\t\t\t\t\t\t\t\t\t\t\t\t\t\t\t\t\t\theight=\"18.142\" viewBox=\"0 0 18.142 18.142\"\r\n\t\t\t\t\t\t\t\t\t\t\t\t\t\t\t\t\t\tclass=\"primary-stroke\">\r\n\t\t\t\t\t\t\t\t\t\t\t\t\t\t\t\t\t\t<g id=\"Icon_feather-arrow-up-right\"\r\n\t\t\t\t\t\t\t\t\t\t\t\t\t\t\t\t\t\t\tdata-name=\"Icon feather-arrow-up-right\"\r\n\t\t\t\t\t\t\t\t\t\t\t\t\t\t\t\t\t\t\ttransform=\"translate(30.991 9.071) rotate(135)\">\r\n\t\t\t\t\t\t\t\t\t\t\t\t\t\t\t\t\t\t\t<path id=\"Path_3\" data-name=\"Path 3\" d=\"M10.5,20.5l10-10\"\r\n\t\t\t\t\t\t\t\t\t\t\t\t\t\t\t\t\t\t\t\tfill=\"none\" stroke-linecap=\"round\"\r\n\t\t\t\t\t\t\t\t\t\t\t\t\t\t\t\t\t\t\t\tstroke-linejoin=\"round\" stroke-width=\"2\" \/>\r\n\t\t\t\t\t\t\t\t\t\t\t\t\t\t\t\t\t\t\t<path id=\"Path_4\" data-name=\"Path 4\" d=\"M10.5,10.5h10v10\"\r\n\t\t\t\t\t\t\t\t\t\t\t\t\t\t\t\t\t\t\t\tfill=\"none\" stroke-linecap=\"round\"\r\n\t\t\t\t\t\t\t\t\t\t\t\t\t\t\t\t\t\t\t\tstroke-linejoin=\"round\" stroke-width=\"2\" \/>\r\n\t\t\t\t\t\t\t\t\t\t\t\t\t\t\t\t\t\t<\/g>\r\n\t\t\t\t\t\t\t\t\t\t\t\t\t\t\t\t\t<\/svg>\r\n\t\t\t\t\t\t\t\t\t\t\t\t\t\t\t\t<\/a>\r\n\t\t\t\t\t\t\t\t\t\t\t\t\t\t\t<\/div>\r\n\t\t\t\t\t\t\t\t\t\t\t\t\t\t<\/div>\r\n\t\t\t\t\t\t\t\t\t\t\t\t\t\t\t\t\t\t\t\t\t\t\t\t\t\t\t\t\t\t\t\t\t\t\t\t<\/div>\r\n\t\t\t\t\t\t\t\t\t\t\r\n\t\t\t\t\t\t\t\t\t<\/div>\r\n\t\t\t\t\t\t\t\t\t\t\t\t\t\t\t<\/div>\r\n\t\t\t\t\t\t<\/div>\r\n\t\t\t\t\t<\/div>\r\n\t\t\t\t<\/div>\r\n\t\t\t<\/div>\r\n\t\t<\/div>\r\n\t<\/div>\r\n<\/section>","protected":false},"excerpt":{"rendered":"","protected":false},"author":6,"featured_media":0,"parent":0,"menu_order":15,"comment_status":"closed","ping_status":"closed","template":"","meta":{"_acf_changed":false,"footnotes":""},"class_list":["post-5360","page","type-page","status-publish","hentry"],"acf":[],"_links":{"self":[{"href":"https:\/\/alicantecruiseport.es\/es\/wp-json\/wp\/v2\/pages\/5360","targetHints":{"allow":["GET"]}}],"collection":[{"href":"https:\/\/alicantecruiseport.es\/es\/wp-json\/wp\/v2\/pages"}],"about":[{"href":"https:\/\/alicantecruiseport.es\/es\/wp-json\/wp\/v2\/types\/page"}],"author":[{"embeddable":true,"href":"https:\/\/alicantecruiseport.es\/es\/wp-json\/wp\/v2\/users\/6"}],"replies":[{"embeddable":true,"href":"https:\/\/alicantecruiseport.es\/es\/wp-json\/wp\/v2\/comments?post=5360"}],"version-history":[{"count":4,"href":"https:\/\/alicantecruiseport.es\/es\/wp-json\/wp\/v2\/pages\/5360\/revisions"}],"predecessor-version":[{"id":5641,"href":"https:\/\/alicantecruiseport.es\/es\/wp-json\/wp\/v2\/pages\/5360\/revisions\/5641"}],"wp:attachment":[{"href":"https:\/\/alicantecruiseport.es\/es\/wp-json\/wp\/v2\/media?parent=5360"}],"curies":[{"name":"wp","href":"https:\/\/api.w.org\/{rel}","templated":true}]}}